{"id":5981,"date":"2021-10-15T05:43:46","date_gmt":"2021-10-15T03:43:46","guid":{"rendered":"https:\/\/kariera.m2c.eu\/?page_id=5981"},"modified":"2021-11-10T13:58:36","modified_gmt":"2021-11-10T12:58:36","slug":"skusky-a-certifikacia","status":"publish","type":"page","link":"https:\/\/kariera.rvltpreview.com\/sk\/skusky-a-certifikacia\/","title":{"rendered":"Sk\u00fa\u0161ky a certifik\u00e1cia"},"content":{"rendered":"<div class=\"d-none\" style=\"display: none;\">\n<h3>Sk\u00fa\u0161ky a certifik\u00e1cia<\/h3>\n<h3>Zoznam \u0161t\u00e1tnych sk\u00fa\u0161ok<\/h3>\n<h3>Str\u00e1\u017enik<\/h3>\n<h3>Pracovn\u00edk doh\u013eadov\u00e9ho centra<\/h3>\n<h3>Bezpe\u010dnostn\u00fd mana\u017e\u00e9r v obchode a slu\u017eb\u00e1ch<\/h3>\n<h3>Detekt\u00edv koncipient<\/h3>\n<h3>Pracovn\u00edk prevozu finan\u010dnej hotovosti a cen\u00edn<\/h3>\n<h3>Dokumenty k stiahnutiu<\/h3>\n<h3>Kompletn\u00e9 inform\u00e1cie ku \u0161koleniam a kurzom v\u00e1m poskytne:<\/h3>\n<\/div>\n<div class='d-none' style='display:none;'>\n<h3>Sk\u00fa\u0161ky a certifik\u00e1cia<\/h3>\n<h3>Zoznam \u0161t\u00e1tnych sk\u00fa\u0161ok<\/h3>\n<h3>Str\u00e1\u017enik<\/h3>\n<h3>Pracovn\u00edk doh\u013eadov\u00e9ho centra<\/h3>\n<h3>Bezpe\u010dnostn\u00fd mana\u017e\u00e9r v obchode a slu\u017eb\u00e1ch<\/h3>\n<h3>Detekt\u00edv koncipient<\/h3>\n<h3>Pracovn\u00edk prevozu finan\u010dnej hotovosti a cen\u00edn<\/h3>\n<h3>Dokumenty k stiahnutiu<\/h3>\n<\/div>\n","protected":false},"excerpt":{"rendered":"<p>Sk\u00fa\u0161ky a certifik\u00e1cia Zoznam \u0161t\u00e1tnych sk\u00fa\u0161ok Str\u00e1\u017enik Pracovn\u00edk doh\u013eadov\u00e9ho centra Bezpe\u010dnostn\u00fd mana\u017e\u00e9r v obchode a slu\u017eb\u00e1ch Detekt\u00edv koncipient Pracovn\u00edk prevozu finan\u010dnej hotovosti a cen\u00edn Dokumenty k stiahnutiu Kompletn\u00e9 inform\u00e1cie ku \u0161koleniam a kurzom v\u00e1m poskytne: Sk\u00fa\u0161ky a certifik\u00e1cia Zoznam \u0161t\u00e1tnych sk\u00fa\u0161ok Str\u00e1\u017enik Pracovn\u00edk doh\u013eadov\u00e9ho centra Bezpe\u010dnostn\u00fd mana\u017e\u00e9r v obchode a slu\u017eb\u00e1ch Detekt\u00edv koncipient Pracovn\u00edk prevozu&#8230;<\/p>\n","protected":false},"author":13,"featured_media":0,"parent":0,"menu_order":0,"comment_status":"closed","ping_status":"closed","template":"pages\/page-blocks.php","meta":{"footnotes":""},"class_list":["post-5981","page","type-page","status-publish","hentry"],"yoast_head":"<!-- This site is optimized with the Yoast SEO plugin v27.5 - https:\/\/yoast.com\/product\/yoast-seo-wordpress\/ -->\n<title>Sk\u00fa\u0161ky a certifik\u00e1cia | M2C - kari\u00e9ra<\/title>\n<meta name=\"robots\" content=\"index, follow, max-snippet:-1, max-image-preview:large, max-video-preview:-1\" \/>\n<link rel=\"canonical\" href=\"https:\/\/kariera.rvltpreview.com\/sk\/skusky-a-certifikacia\/\" \/>\n<meta property=\"og:locale\" content=\"sk_SK\" \/>\n<meta property=\"og:type\" content=\"article\" \/>\n<meta property=\"og:title\" content=\"Sk\u00fa\u0161ky a certifik\u00e1cia | M2C - kari\u00e9ra\" \/>\n<meta property=\"og:description\" content=\"Sk\u00fa\u0161ky a certifik\u00e1cia Zoznam \u0161t\u00e1tnych sk\u00fa\u0161ok Str\u00e1\u017enik Pracovn\u00edk doh\u013eadov\u00e9ho centra Bezpe\u010dnostn\u00fd mana\u017e\u00e9r v obchode a slu\u017eb\u00e1ch Detekt\u00edv koncipient Pracovn\u00edk prevozu finan\u010dnej hotovosti a cen\u00edn Dokumenty k stiahnutiu Kompletn\u00e9 inform\u00e1cie ku \u0161koleniam a kurzom v\u00e1m poskytne: Sk\u00fa\u0161ky a certifik\u00e1cia Zoznam \u0161t\u00e1tnych sk\u00fa\u0161ok Str\u00e1\u017enik Pracovn\u00edk doh\u013eadov\u00e9ho centra Bezpe\u010dnostn\u00fd mana\u017e\u00e9r v obchode a slu\u017eb\u00e1ch Detekt\u00edv koncipient Pracovn\u00edk prevozu...\" \/>\n<meta property=\"og:url\" content=\"https:\/\/kariera.rvltpreview.com\/sk\/skusky-a-certifikacia\/\" \/>\n<meta property=\"og:site_name\" content=\"M2C - kari\u00e9ra\" \/>\n<meta property=\"article:modified_time\" content=\"2021-11-10T12:58:36+00:00\" \/>\n<meta name=\"twitter:card\" content=\"summary_large_image\" \/>\n<!-- \/ Yoast SEO plugin. -->","yoast_head_json":{"title":"Sk\u00fa\u0161ky a certifik\u00e1cia | M2C - kari\u00e9ra","robots":{"index":"index","follow":"follow","max-snippet":"max-snippet:-1","max-image-preview":"max-image-preview:large","max-video-preview":"max-video-preview:-1"},"canonical":"https:\/\/kariera.rvltpreview.com\/sk\/skusky-a-certifikacia\/","og_locale":"sk_SK","og_type":"article","og_title":"Sk\u00fa\u0161ky a certifik\u00e1cia | M2C - kari\u00e9ra","og_description":"Sk\u00fa\u0161ky a certifik\u00e1cia Zoznam \u0161t\u00e1tnych sk\u00fa\u0161ok Str\u00e1\u017enik Pracovn\u00edk doh\u013eadov\u00e9ho centra Bezpe\u010dnostn\u00fd mana\u017e\u00e9r v obchode a slu\u017eb\u00e1ch Detekt\u00edv koncipient Pracovn\u00edk prevozu finan\u010dnej hotovosti a cen\u00edn Dokumenty k stiahnutiu Kompletn\u00e9 inform\u00e1cie ku \u0161koleniam a kurzom v\u00e1m poskytne: Sk\u00fa\u0161ky a certifik\u00e1cia Zoznam \u0161t\u00e1tnych sk\u00fa\u0161ok Str\u00e1\u017enik Pracovn\u00edk doh\u013eadov\u00e9ho centra Bezpe\u010dnostn\u00fd mana\u017e\u00e9r v obchode a slu\u017eb\u00e1ch Detekt\u00edv koncipient Pracovn\u00edk prevozu...","og_url":"https:\/\/kariera.rvltpreview.com\/sk\/skusky-a-certifikacia\/","og_site_name":"M2C - kari\u00e9ra","article_modified_time":"2021-11-10T12:58:36+00:00","twitter_card":"summary_large_image","schema":{"@context":"https:\/\/schema.org","@graph":[{"@type":"WebPage","@id":"https:\/\/kariera.rvltpreview.com\/sk\/skusky-a-certifikacia\/","url":"https:\/\/kariera.rvltpreview.com\/sk\/skusky-a-certifikacia\/","name":"Sk\u00fa\u0161ky a certifik\u00e1cia | M2C - kari\u00e9ra","isPartOf":{"@id":"https:\/\/kariera.rvltpreview.com\/#website"},"datePublished":"2021-10-15T03:43:46+00:00","dateModified":"2021-11-10T12:58:36+00:00","breadcrumb":{"@id":"https:\/\/kariera.rvltpreview.com\/sk\/skusky-a-certifikacia\/#breadcrumb"},"inLanguage":"sk-SK","potentialAction":[{"@type":"ReadAction","target":["https:\/\/kariera.rvltpreview.com\/sk\/skusky-a-certifikacia\/"]}]},{"@type":"BreadcrumbList","@id":"https:\/\/kariera.rvltpreview.com\/sk\/skusky-a-certifikacia\/#breadcrumb","itemListElement":[{"@type":"ListItem","position":1,"name":"Home","item":"https:\/\/kariera.rvltpreview.com\/sk\/"},{"@type":"ListItem","position":2,"name":"Sk\u00fa\u0161ky a certifik\u00e1cia"}]},{"@type":"WebSite","@id":"https:\/\/kariera.rvltpreview.com\/#website","url":"https:\/\/kariera.rvltpreview.com\/","name":"M2C - kari\u00e9ra","description":"","potentialAction":[{"@type":"SearchAction","target":{"@type":"EntryPoint","urlTemplate":"https:\/\/kariera.rvltpreview.com\/?s={search_term_string}"},"query-input":{"@type":"PropertyValueSpecification","valueRequired":true,"valueName":"search_term_string"}}],"inLanguage":"sk-SK"}]}},"_links":{"self":[{"href":"https:\/\/kariera.rvltpreview.com\/sk\/wp-json\/wp\/v2\/pages\/5981","targetHints":{"allow":["GET"]}}],"collection":[{"href":"https:\/\/kariera.rvltpreview.com\/sk\/wp-json\/wp\/v2\/pages"}],"about":[{"href":"https:\/\/kariera.rvltpreview.com\/sk\/wp-json\/wp\/v2\/types\/page"}],"author":[{"embeddable":true,"href":"https:\/\/kariera.rvltpreview.com\/sk\/wp-json\/wp\/v2\/users\/13"}],"replies":[{"embeddable":true,"href":"https:\/\/kariera.rvltpreview.com\/sk\/wp-json\/wp\/v2\/comments?post=5981"}],"version-history":[{"count":3,"href":"https:\/\/kariera.rvltpreview.com\/sk\/wp-json\/wp\/v2\/pages\/5981\/revisions"}],"predecessor-version":[{"id":7583,"href":"https:\/\/kariera.rvltpreview.com\/sk\/wp-json\/wp\/v2\/pages\/5981\/revisions\/7583"}],"wp:attachment":[{"href":"https:\/\/kariera.rvltpreview.com\/sk\/wp-json\/wp\/v2\/media?parent=5981"}],"curies":[{"name":"wp","href":"https:\/\/api.w.org\/{rel}","templated":true}]}}