{"id":5980,"date":"2021-10-15T05:44:05","date_gmt":"2021-10-15T03:44:05","guid":{"rendered":"https:\/\/kariera.m2c.eu\/?page_id=5980"},"modified":"2021-11-10T10:51:17","modified_gmt":"2021-11-10T09:51:17","slug":"vzdelavanie-a-skusky","status":"publish","type":"page","link":"https:\/\/kariera.rvltpreview.com\/sk\/vzdelavanie-a-skusky\/","title":{"rendered":"Vzdel\u00e1vanie a sk\u00fa\u0161ky"},"content":{"rendered":"<div class='d-none' style='display:none;'>\n<h3>Vzdel\u00e1vanie a sk\u00fa\u0161ky<\/h3>\n<p>M\u00e1me chu\u0165 sa u\u010di\u0165 a sk\u00fa\u0161a\u0165 nov\u00e9 pr\u00edstupy. Aj v\u00e1m budeme na va\u0161ej ceste pom\u00e1ha\u0165. Nechcete zosta\u0165 na jednom mieste? M\u00f4\u017eete vysk\u00fa\u0161a\u0165 r\u00f4zne poz\u00edcie, pom\u00f4\u017eeme v\u00e1m r\u00e1s\u0165. V M2C m\u00e1me pre zamestnancov prepracovan\u00fd syst\u00e9m tr\u00e9ningov a \u0161kolen\u00ed.<\/p>\n<h3>Ak\u00e1 kateg\u00f3ria v\u00e1s zauj\u00edma?<\/h3>\n<h3>Kompletn\u00e9 inform\u00e1cie ku \u0161koleniam a kurzom v\u00e1m poskytne:<\/h3>\n<\/div>\n","protected":false},"excerpt":{"rendered":"<p>Vzdel\u00e1vanie a sk\u00fa\u0161ky M\u00e1me chu\u0165 sa u\u010di\u0165 a sk\u00fa\u0161a\u0165 nov\u00e9 pr\u00edstupy. Aj v\u00e1m budeme na va\u0161ej ceste pom\u00e1ha\u0165. Nechcete zosta\u0165 na jednom mieste? M\u00f4\u017eete vysk\u00fa\u0161a\u0165 r\u00f4zne poz\u00edcie, pom\u00f4\u017eeme v\u00e1m r\u00e1s\u0165. V M2C m\u00e1me pre zamestnancov prepracovan\u00fd syst\u00e9m tr\u00e9ningov a \u0161kolen\u00ed. Ak\u00e1 kateg\u00f3ria v\u00e1s zauj\u00edma? Kompletn\u00e9 inform\u00e1cie ku \u0161koleniam a kurzom v\u00e1m poskytne:<\/p>\n","protected":false},"author":13,"featured_media":0,"parent":0,"menu_order":0,"comment_status":"closed","ping_status":"closed","template":"pages\/page-blocks.php","meta":{"footnotes":""},"class_list":["post-5980","page","type-page","status-publish","hentry"],"yoast_head":"<!-- This site is optimized with the Yoast SEO plugin v27.5 - https:\/\/yoast.com\/product\/yoast-seo-wordpress\/ -->\n<title>Vzdel\u00e1vanie a sk\u00fa\u0161ky | M2C - kari\u00e9ra<\/title>\n<meta name=\"robots\" content=\"index, follow, max-snippet:-1, max-image-preview:large, max-video-preview:-1\" \/>\n<link rel=\"canonical\" href=\"https:\/\/kariera.rvltpreview.com\/sk\/vzdelavanie-a-skusky\/\" \/>\n<meta property=\"og:locale\" content=\"sk_SK\" \/>\n<meta property=\"og:type\" content=\"article\" \/>\n<meta property=\"og:title\" content=\"Vzdel\u00e1vanie a sk\u00fa\u0161ky | M2C - kari\u00e9ra\" \/>\n<meta property=\"og:description\" content=\"Vzdel\u00e1vanie a sk\u00fa\u0161ky M\u00e1me chu\u0165 sa u\u010di\u0165 a sk\u00fa\u0161a\u0165 nov\u00e9 pr\u00edstupy. Aj v\u00e1m budeme na va\u0161ej ceste pom\u00e1ha\u0165. Nechcete zosta\u0165 na jednom mieste? M\u00f4\u017eete vysk\u00fa\u0161a\u0165 r\u00f4zne poz\u00edcie, pom\u00f4\u017eeme v\u00e1m r\u00e1s\u0165. V M2C m\u00e1me pre zamestnancov prepracovan\u00fd syst\u00e9m tr\u00e9ningov a \u0161kolen\u00ed. Ak\u00e1 kateg\u00f3ria v\u00e1s zauj\u00edma? Kompletn\u00e9 inform\u00e1cie ku \u0161koleniam a kurzom v\u00e1m poskytne:\" \/>\n<meta property=\"og:url\" content=\"https:\/\/kariera.rvltpreview.com\/sk\/vzdelavanie-a-skusky\/\" \/>\n<meta property=\"og:site_name\" content=\"M2C - kari\u00e9ra\" \/>\n<meta property=\"article:modified_time\" content=\"2021-11-10T09:51:17+00:00\" \/>\n<meta name=\"twitter:card\" content=\"summary_large_image\" \/>\n<!-- \/ Yoast SEO plugin. -->","yoast_head_json":{"title":"Vzdel\u00e1vanie a sk\u00fa\u0161ky | M2C - kari\u00e9ra","robots":{"index":"index","follow":"follow","max-snippet":"max-snippet:-1","max-image-preview":"max-image-preview:large","max-video-preview":"max-video-preview:-1"},"canonical":"https:\/\/kariera.rvltpreview.com\/sk\/vzdelavanie-a-skusky\/","og_locale":"sk_SK","og_type":"article","og_title":"Vzdel\u00e1vanie a sk\u00fa\u0161ky | M2C - kari\u00e9ra","og_description":"Vzdel\u00e1vanie a sk\u00fa\u0161ky M\u00e1me chu\u0165 sa u\u010di\u0165 a sk\u00fa\u0161a\u0165 nov\u00e9 pr\u00edstupy. Aj v\u00e1m budeme na va\u0161ej ceste pom\u00e1ha\u0165. Nechcete zosta\u0165 na jednom mieste? M\u00f4\u017eete vysk\u00fa\u0161a\u0165 r\u00f4zne poz\u00edcie, pom\u00f4\u017eeme v\u00e1m r\u00e1s\u0165. V M2C m\u00e1me pre zamestnancov prepracovan\u00fd syst\u00e9m tr\u00e9ningov a \u0161kolen\u00ed. Ak\u00e1 kateg\u00f3ria v\u00e1s zauj\u00edma? Kompletn\u00e9 inform\u00e1cie ku \u0161koleniam a kurzom v\u00e1m poskytne:","og_url":"https:\/\/kariera.rvltpreview.com\/sk\/vzdelavanie-a-skusky\/","og_site_name":"M2C - kari\u00e9ra","article_modified_time":"2021-11-10T09:51:17+00:00","twitter_card":"summary_large_image","schema":{"@context":"https:\/\/schema.org","@graph":[{"@type":"WebPage","@id":"https:\/\/kariera.rvltpreview.com\/sk\/vzdelavanie-a-skusky\/","url":"https:\/\/kariera.rvltpreview.com\/sk\/vzdelavanie-a-skusky\/","name":"Vzdel\u00e1vanie a sk\u00fa\u0161ky | M2C - kari\u00e9ra","isPartOf":{"@id":"https:\/\/kariera.rvltpreview.com\/#website"},"datePublished":"2021-10-15T03:44:05+00:00","dateModified":"2021-11-10T09:51:17+00:00","breadcrumb":{"@id":"https:\/\/kariera.rvltpreview.com\/sk\/vzdelavanie-a-skusky\/#breadcrumb"},"inLanguage":"sk-SK","potentialAction":[{"@type":"ReadAction","target":["https:\/\/kariera.rvltpreview.com\/sk\/vzdelavanie-a-skusky\/"]}]},{"@type":"BreadcrumbList","@id":"https:\/\/kariera.rvltpreview.com\/sk\/vzdelavanie-a-skusky\/#breadcrumb","itemListElement":[{"@type":"ListItem","position":1,"name":"Home","item":"https:\/\/kariera.rvltpreview.com\/sk\/"},{"@type":"ListItem","position":2,"name":"Vzdel\u00e1vanie a sk\u00fa\u0161ky"}]},{"@type":"WebSite","@id":"https:\/\/kariera.rvltpreview.com\/#website","url":"https:\/\/kariera.rvltpreview.com\/","name":"M2C - kari\u00e9ra","description":"","potentialAction":[{"@type":"SearchAction","target":{"@type":"EntryPoint","urlTemplate":"https:\/\/kariera.rvltpreview.com\/?s={search_term_string}"},"query-input":{"@type":"PropertyValueSpecification","valueRequired":true,"valueName":"search_term_string"}}],"inLanguage":"sk-SK"}]}},"_links":{"self":[{"href":"https:\/\/kariera.rvltpreview.com\/sk\/wp-json\/wp\/v2\/pages\/5980","targetHints":{"allow":["GET"]}}],"collection":[{"href":"https:\/\/kariera.rvltpreview.com\/sk\/wp-json\/wp\/v2\/pages"}],"about":[{"href":"https:\/\/kariera.rvltpreview.com\/sk\/wp-json\/wp\/v2\/types\/page"}],"author":[{"embeddable":true,"href":"https:\/\/kariera.rvltpreview.com\/sk\/wp-json\/wp\/v2\/users\/13"}],"replies":[{"embeddable":true,"href":"https:\/\/kariera.rvltpreview.com\/sk\/wp-json\/wp\/v2\/comments?post=5980"}],"version-history":[{"count":2,"href":"https:\/\/kariera.rvltpreview.com\/sk\/wp-json\/wp\/v2\/pages\/5980\/revisions"}],"predecessor-version":[{"id":7567,"href":"https:\/\/kariera.rvltpreview.com\/sk\/wp-json\/wp\/v2\/pages\/5980\/revisions\/7567"}],"wp:attachment":[{"href":"https:\/\/kariera.rvltpreview.com\/sk\/wp-json\/wp\/v2\/media?parent=5980"}],"curies":[{"name":"wp","href":"https:\/\/api.w.org\/{rel}","templated":true}]}}