{"id":5966,"date":"2021-10-15T05:40:04","date_gmt":"2021-10-15T03:40:04","guid":{"rendered":"https:\/\/kariera.m2c.eu\/?page_id=5966"},"modified":"2021-11-10T13:53:16","modified_gmt":"2021-11-10T12:53:16","slug":"skolenia-a-kurzy","status":"publish","type":"page","link":"https:\/\/kariera.rvltpreview.com\/sk\/skolenia-a-kurzy\/","title":{"rendered":"\u0160kolenia a kurzy"},"content":{"rendered":"<div class=\"d-none\" style=\"display: none;\">\n<h3>\u0160kolenia a kurzy<\/h3>\n<h3>Zoznam vzdel\u00e1vac\u00edch kurzov<\/h3>\n<h3>\u0160kolenia BOZP a PO<\/h3>\n<h3>\u0160kolenia prvej pomoci<\/h3>\n<h3>Pr\u00edprava ku sk\u00fa\u0161ke profesijnej kvalifik\u00e1cie<\/h3>\n<h3>Pr\u00edprava autorizovan\u00fdch os\u00f4b a z\u00e1stupcov<\/h3>\n<h3>Dokumenty k stiahnutiu<\/h3>\n<h3>Kompletn\u00e9 inform\u00e1cie ku \u0161koleniam a kurzom v\u00e1m poskytne:<\/h3>\n<\/div>\n<div class='d-none' style='display:none;'>\n<h3>\u0160kolenia a kurzy<\/h3>\n<h3>Zoznam vzdel\u00e1vac\u00edch kurzov<\/h3>\n<h3>\u0160kolenia BOZP a PO<\/h3>\n<h3>\u0160kolenia prvej pomoci<\/h3>\n<h3>Pr\u00edprava ku sk\u00fa\u0161ke profesijnej kvalifik\u00e1cie<\/h3>\n<h3>Pr\u00edprava autorizovan\u00fdch os\u00f4b a z\u00e1stupcov<\/h3>\n<h3>Dokumenty k stiahnutiu<\/h3>\n<\/div>\n","protected":false},"excerpt":{"rendered":"<p>\u0160kolenia a kurzy Zoznam vzdel\u00e1vac\u00edch kurzov \u0160kolenia BOZP a PO \u0160kolenia prvej pomoci Pr\u00edprava ku sk\u00fa\u0161ke profesijnej kvalifik\u00e1cie Pr\u00edprava autorizovan\u00fdch os\u00f4b a z\u00e1stupcov Dokumenty k stiahnutiu Kompletn\u00e9 inform\u00e1cie ku \u0161koleniam a kurzom v\u00e1m poskytne: \u0160kolenia a kurzy Zoznam vzdel\u00e1vac\u00edch kurzov \u0160kolenia BOZP a PO \u0160kolenia prvej pomoci Pr\u00edprava ku sk\u00fa\u0161ke profesijnej kvalifik\u00e1cie Pr\u00edprava autorizovan\u00fdch os\u00f4b&#8230;<\/p>\n","protected":false},"author":13,"featured_media":0,"parent":0,"menu_order":0,"comment_status":"closed","ping_status":"closed","template":"pages\/page-blocks.php","meta":{"footnotes":""},"class_list":["post-5966","page","type-page","status-publish","hentry"],"yoast_head":"<!-- This site is optimized with the Yoast SEO plugin v27.5 - https:\/\/yoast.com\/product\/yoast-seo-wordpress\/ -->\n<title>\u0160kolenia a kurzy | M2C - kari\u00e9ra<\/title>\n<meta name=\"robots\" content=\"index, follow, max-snippet:-1, max-image-preview:large, max-video-preview:-1\" \/>\n<link rel=\"canonical\" href=\"https:\/\/kariera.rvltpreview.com\/sk\/skolenia-a-kurzy\/\" \/>\n<meta property=\"og:locale\" content=\"sk_SK\" \/>\n<meta property=\"og:type\" content=\"article\" \/>\n<meta property=\"og:title\" content=\"\u0160kolenia a kurzy | M2C - kari\u00e9ra\" \/>\n<meta property=\"og:description\" content=\"\u0160kolenia a kurzy Zoznam vzdel\u00e1vac\u00edch kurzov \u0160kolenia BOZP a PO \u0160kolenia prvej pomoci Pr\u00edprava ku sk\u00fa\u0161ke profesijnej kvalifik\u00e1cie Pr\u00edprava autorizovan\u00fdch os\u00f4b a z\u00e1stupcov Dokumenty k stiahnutiu Kompletn\u00e9 inform\u00e1cie ku \u0161koleniam a kurzom v\u00e1m poskytne: \u0160kolenia a kurzy Zoznam vzdel\u00e1vac\u00edch kurzov \u0160kolenia BOZP a PO \u0160kolenia prvej pomoci Pr\u00edprava ku sk\u00fa\u0161ke profesijnej kvalifik\u00e1cie Pr\u00edprava autorizovan\u00fdch os\u00f4b...\" \/>\n<meta property=\"og:url\" content=\"https:\/\/kariera.rvltpreview.com\/sk\/skolenia-a-kurzy\/\" \/>\n<meta property=\"og:site_name\" content=\"M2C - kari\u00e9ra\" \/>\n<meta property=\"article:modified_time\" content=\"2021-11-10T12:53:16+00:00\" \/>\n<meta name=\"twitter:card\" content=\"summary_large_image\" \/>\n<!-- \/ Yoast SEO plugin. -->","yoast_head_json":{"title":"\u0160kolenia a kurzy | M2C - kari\u00e9ra","robots":{"index":"index","follow":"follow","max-snippet":"max-snippet:-1","max-image-preview":"max-image-preview:large","max-video-preview":"max-video-preview:-1"},"canonical":"https:\/\/kariera.rvltpreview.com\/sk\/skolenia-a-kurzy\/","og_locale":"sk_SK","og_type":"article","og_title":"\u0160kolenia a kurzy | M2C - kari\u00e9ra","og_description":"\u0160kolenia a kurzy Zoznam vzdel\u00e1vac\u00edch kurzov \u0160kolenia BOZP a PO \u0160kolenia prvej pomoci Pr\u00edprava ku sk\u00fa\u0161ke profesijnej kvalifik\u00e1cie Pr\u00edprava autorizovan\u00fdch os\u00f4b a z\u00e1stupcov Dokumenty k stiahnutiu Kompletn\u00e9 inform\u00e1cie ku \u0161koleniam a kurzom v\u00e1m poskytne: \u0160kolenia a kurzy Zoznam vzdel\u00e1vac\u00edch kurzov \u0160kolenia BOZP a PO \u0160kolenia prvej pomoci Pr\u00edprava ku sk\u00fa\u0161ke profesijnej kvalifik\u00e1cie Pr\u00edprava autorizovan\u00fdch os\u00f4b...","og_url":"https:\/\/kariera.rvltpreview.com\/sk\/skolenia-a-kurzy\/","og_site_name":"M2C - kari\u00e9ra","article_modified_time":"2021-11-10T12:53:16+00:00","twitter_card":"summary_large_image","schema":{"@context":"https:\/\/schema.org","@graph":[{"@type":"WebPage","@id":"https:\/\/kariera.rvltpreview.com\/sk\/skolenia-a-kurzy\/","url":"https:\/\/kariera.rvltpreview.com\/sk\/skolenia-a-kurzy\/","name":"\u0160kolenia a kurzy | M2C - kari\u00e9ra","isPartOf":{"@id":"https:\/\/kariera.rvltpreview.com\/#website"},"datePublished":"2021-10-15T03:40:04+00:00","dateModified":"2021-11-10T12:53:16+00:00","breadcrumb":{"@id":"https:\/\/kariera.rvltpreview.com\/sk\/skolenia-a-kurzy\/#breadcrumb"},"inLanguage":"sk-SK","potentialAction":[{"@type":"ReadAction","target":["https:\/\/kariera.rvltpreview.com\/sk\/skolenia-a-kurzy\/"]}]},{"@type":"BreadcrumbList","@id":"https:\/\/kariera.rvltpreview.com\/sk\/skolenia-a-kurzy\/#breadcrumb","itemListElement":[{"@type":"ListItem","position":1,"name":"Home","item":"https:\/\/kariera.rvltpreview.com\/sk\/"},{"@type":"ListItem","position":2,"name":"\u0160kolenia a kurzy"}]},{"@type":"WebSite","@id":"https:\/\/kariera.rvltpreview.com\/#website","url":"https:\/\/kariera.rvltpreview.com\/","name":"M2C - kari\u00e9ra","description":"","potentialAction":[{"@type":"SearchAction","target":{"@type":"EntryPoint","urlTemplate":"https:\/\/kariera.rvltpreview.com\/?s={search_term_string}"},"query-input":{"@type":"PropertyValueSpecification","valueRequired":true,"valueName":"search_term_string"}}],"inLanguage":"sk-SK"}]}},"_links":{"self":[{"href":"https:\/\/kariera.rvltpreview.com\/sk\/wp-json\/wp\/v2\/pages\/5966","targetHints":{"allow":["GET"]}}],"collection":[{"href":"https:\/\/kariera.rvltpreview.com\/sk\/wp-json\/wp\/v2\/pages"}],"about":[{"href":"https:\/\/kariera.rvltpreview.com\/sk\/wp-json\/wp\/v2\/types\/page"}],"author":[{"embeddable":true,"href":"https:\/\/kariera.rvltpreview.com\/sk\/wp-json\/wp\/v2\/users\/13"}],"replies":[{"embeddable":true,"href":"https:\/\/kariera.rvltpreview.com\/sk\/wp-json\/wp\/v2\/comments?post=5966"}],"version-history":[{"count":3,"href":"https:\/\/kariera.rvltpreview.com\/sk\/wp-json\/wp\/v2\/pages\/5966\/revisions"}],"predecessor-version":[{"id":7582,"href":"https:\/\/kariera.rvltpreview.com\/sk\/wp-json\/wp\/v2\/pages\/5966\/revisions\/7582"}],"wp:attachment":[{"href":"https:\/\/kariera.rvltpreview.com\/sk\/wp-json\/wp\/v2\/media?parent=5966"}],"curies":[{"name":"wp","href":"https:\/\/api.w.org\/{rel}","templated":true}]}}