{"id":5949,"date":"2021-10-15T05:33:29","date_gmt":"2021-10-15T03:33:29","guid":{"rendered":"https:\/\/kariera.m2c.eu\/?page_id=5949"},"modified":"2021-11-09T11:17:57","modified_gmt":"2021-11-09T10:17:57","slug":"benefity","status":"publish","type":"page","link":"https:\/\/kariera.rvltpreview.com\/sk\/benefity\/","title":{"rendered":"Benefity"},"content":{"rendered":"<div class=\"d-none\" style=\"display: none;\">\n<h3>Benefity<\/h3>\n<h3>Hlavn\u00e9 benefity<\/h3>\n<h3>Bezplatn\u00e9 insolven\u010dn\u00e9 poradenstvo<\/h3>\n<h3>Koho moment\u00e1lne h\u013ead\u00e1me<\/h3>\n<\/div>\n<div class='d-none' style='display:none;'>\n<h3>Hlavn\u00e9 benefity<\/h3>\n<h3>Bezplatn\u00e9 insolven\u010dn\u00e9 poradenstvo<\/h3>\n<h3>Deti, na\u0161a bud\u00facnos\u0165<\/h3>\n<h3>Koho moment\u00e1lne h\u013ead\u00e1me<\/h3>\n<\/div>\n","protected":false},"excerpt":{"rendered":"<p>Benefity Hlavn\u00e9 benefity Bezplatn\u00e9 insolven\u010dn\u00e9 poradenstvo Koho moment\u00e1lne h\u013ead\u00e1me Hlavn\u00e9 benefity Bezplatn\u00e9 insolven\u010dn\u00e9 poradenstvo Deti, na\u0161a bud\u00facnos\u0165 Koho moment\u00e1lne h\u013ead\u00e1me<\/p>\n","protected":false},"author":13,"featured_media":0,"parent":0,"menu_order":0,"comment_status":"closed","ping_status":"closed","template":"pages\/page-blocks.php","meta":{"footnotes":""},"class_list":["post-5949","page","type-page","status-publish","hentry"],"yoast_head":"<!-- This site is optimized with the Yoast SEO plugin v27.5 - https:\/\/yoast.com\/product\/yoast-seo-wordpress\/ -->\n<title>Benefity | M2C - kari\u00e9ra<\/title>\n<meta name=\"robots\" content=\"index, follow, max-snippet:-1, max-image-preview:large, max-video-preview:-1\" \/>\n<link rel=\"canonical\" href=\"https:\/\/kariera.rvltpreview.com\/sk\/benefity\/\" \/>\n<meta property=\"og:locale\" content=\"sk_SK\" \/>\n<meta property=\"og:type\" content=\"article\" \/>\n<meta property=\"og:title\" content=\"Benefity | M2C - kari\u00e9ra\" \/>\n<meta property=\"og:description\" content=\"Benefity Hlavn\u00e9 benefity Bezplatn\u00e9 insolven\u010dn\u00e9 poradenstvo Koho moment\u00e1lne h\u013ead\u00e1me Hlavn\u00e9 benefity Bezplatn\u00e9 insolven\u010dn\u00e9 poradenstvo Deti, na\u0161a bud\u00facnos\u0165 Koho moment\u00e1lne h\u013ead\u00e1me\" \/>\n<meta property=\"og:url\" content=\"https:\/\/kariera.rvltpreview.com\/sk\/benefity\/\" \/>\n<meta property=\"og:site_name\" content=\"M2C - kari\u00e9ra\" \/>\n<meta property=\"article:modified_time\" content=\"2021-11-09T10:17:57+00:00\" \/>\n<meta name=\"twitter:card\" content=\"summary_large_image\" \/>\n<!-- \/ Yoast SEO plugin. -->","yoast_head_json":{"title":"Benefity | M2C - kari\u00e9ra","robots":{"index":"index","follow":"follow","max-snippet":"max-snippet:-1","max-image-preview":"max-image-preview:large","max-video-preview":"max-video-preview:-1"},"canonical":"https:\/\/kariera.rvltpreview.com\/sk\/benefity\/","og_locale":"sk_SK","og_type":"article","og_title":"Benefity | M2C - kari\u00e9ra","og_description":"Benefity Hlavn\u00e9 benefity Bezplatn\u00e9 insolven\u010dn\u00e9 poradenstvo Koho moment\u00e1lne h\u013ead\u00e1me Hlavn\u00e9 benefity Bezplatn\u00e9 insolven\u010dn\u00e9 poradenstvo Deti, na\u0161a bud\u00facnos\u0165 Koho moment\u00e1lne h\u013ead\u00e1me","og_url":"https:\/\/kariera.rvltpreview.com\/sk\/benefity\/","og_site_name":"M2C - kari\u00e9ra","article_modified_time":"2021-11-09T10:17:57+00:00","twitter_card":"summary_large_image","schema":{"@context":"https:\/\/schema.org","@graph":[{"@type":"WebPage","@id":"https:\/\/kariera.rvltpreview.com\/sk\/benefity\/","url":"https:\/\/kariera.rvltpreview.com\/sk\/benefity\/","name":"Benefity | M2C - kari\u00e9ra","isPartOf":{"@id":"https:\/\/kariera.rvltpreview.com\/#website"},"datePublished":"2021-10-15T03:33:29+00:00","dateModified":"2021-11-09T10:17:57+00:00","breadcrumb":{"@id":"https:\/\/kariera.rvltpreview.com\/sk\/benefity\/#breadcrumb"},"inLanguage":"sk-SK","potentialAction":[{"@type":"ReadAction","target":["https:\/\/kariera.rvltpreview.com\/sk\/benefity\/"]}]},{"@type":"BreadcrumbList","@id":"https:\/\/kariera.rvltpreview.com\/sk\/benefity\/#breadcrumb","itemListElement":[{"@type":"ListItem","position":1,"name":"Home","item":"https:\/\/kariera.rvltpreview.com\/sk\/"},{"@type":"ListItem","position":2,"name":"Benefity"}]},{"@type":"WebSite","@id":"https:\/\/kariera.rvltpreview.com\/#website","url":"https:\/\/kariera.rvltpreview.com\/","name":"M2C - kari\u00e9ra","description":"","potentialAction":[{"@type":"SearchAction","target":{"@type":"EntryPoint","urlTemplate":"https:\/\/kariera.rvltpreview.com\/?s={search_term_string}"},"query-input":{"@type":"PropertyValueSpecification","valueRequired":true,"valueName":"search_term_string"}}],"inLanguage":"sk-SK"}]}},"_links":{"self":[{"href":"https:\/\/kariera.rvltpreview.com\/sk\/wp-json\/wp\/v2\/pages\/5949","targetHints":{"allow":["GET"]}}],"collection":[{"href":"https:\/\/kariera.rvltpreview.com\/sk\/wp-json\/wp\/v2\/pages"}],"about":[{"href":"https:\/\/kariera.rvltpreview.com\/sk\/wp-json\/wp\/v2\/types\/page"}],"author":[{"embeddable":true,"href":"https:\/\/kariera.rvltpreview.com\/sk\/wp-json\/wp\/v2\/users\/13"}],"replies":[{"embeddable":true,"href":"https:\/\/kariera.rvltpreview.com\/sk\/wp-json\/wp\/v2\/comments?post=5949"}],"version-history":[{"count":3,"href":"https:\/\/kariera.rvltpreview.com\/sk\/wp-json\/wp\/v2\/pages\/5949\/revisions"}],"predecessor-version":[{"id":7527,"href":"https:\/\/kariera.rvltpreview.com\/sk\/wp-json\/wp\/v2\/pages\/5949\/revisions\/7527"}],"wp:attachment":[{"href":"https:\/\/kariera.rvltpreview.com\/sk\/wp-json\/wp\/v2\/media?parent=5949"}],"curies":[{"name":"wp","href":"https:\/\/api.w.org\/{rel}","templated":true}]}}