{"id":7122,"date":"2021-11-03T10:41:11","date_gmt":"2021-11-03T09:41:11","guid":{"rendered":"https:\/\/kariera.m2c.eu\/?page_id=7122"},"modified":"2021-11-12T09:48:35","modified_gmt":"2021-11-12T08:48:35","slug":"informatii-privind-prelucrarea-datelor-cu-caracter-personal","status":"publish","type":"page","link":"https:\/\/kariera.rvltpreview.com\/ro\/informatii-privind-prelucrarea-datelor-cu-caracter-personal\/","title":{"rendered":"Informa\u021bii privind prelucrarea datelor cu caracter personal"},"content":{"rendered":"<p><strong>Informa\u021bii despre prelucrarea datelor cu caracter personal \u00een cadrul <\/strong><\/p>\n<p><strong>M2C Security Solutions SRL <\/strong>(denumit\u0103 \u00een continuare \u201eM2C\u201d)<\/p>\n<p>conform Regulamentului general privind protec\u021bia datelor cu caracter personal al Parlamentului European \u0219i al Consiliului (UE) 2016\/679 (denumit \u00een continuare \u201eGDPR\u201c)<\/p>\n<p><strong>Cine este responsabil pentru prelucrarea datelor cu caracter personal?<\/strong><\/p>\n<p>Operatorul responsabil cu prelucrarea datelor este <strong>M2C Security Solutions SRL, <\/strong>cu sediul \u00een Pia\u021ba Plevnei nr. 7, parter, biroul nr. 3, ap. 1, Timi\u0219oara, jud. Timi\u0219, Rom\u00e2nia, tel. +40.356.179.038, email: <a href=\"mailto:ro.dpo@m2c.eu\">ro.dpo@m2c.eu<\/a>.<\/p>\n<p><strong>Cine este r\u0103spunz\u0103tor de prelucrarea datelor cu caracter personal? Ce date sunt procesate? \u00cen ce scop \u0219i \u00een baza c\u0103ror acte normative sunt procesate datele dumneavoastr\u0103?<\/strong><\/p>\n<p>Utiliz\u00e2nd formularul nostru de contact pute\u021bi solicita \u0219i ob\u021bine diverse informa\u021bii sau consultan\u021b\u0103, astfel c\u0103 proces\u0103m diferite date personale, precum:<\/p>\n<ol>\n<li><strong>Informa\u021bii generale:<\/strong> Orice informa\u021bii solicitate implic\u0103 prelucrarea datelor cu caracter personal, fiind necesar\u0103 procesului de negociere ini\u021biat, respectiv pentru \u00eencheierea \u0219i executarea unui contract \u00eentre M2C \u0219i dumneavoastr\u0103, \u00een calitate de subiect de date cu caracter personal. F\u0103r\u0103 furnizarea informa\u021biilor cu caracter personal nu este posibil s\u0103 onor\u0103m cererea dumneavoastr\u0103.<\/li>\n<li><strong>Informa\u021bii prin e-mail:<\/strong> Dac\u0103 a\u021bi solicitat trimiterea de materiale informative, aceste date pe care le furniza\u021bi \u00een formularul de contact vor fi procesate, cel pu\u021bin \u00een ceea ce prive\u0219te numele \u0219i prenumele dumneavoastr\u0103, detaliile modalit\u0103\u021bii de contact aleas\u0103 pentru trimiterea informa\u021biilor solicitate, precum \u0219i datele transmise \u00een con\u021binutul mesajului text.<\/li>\n<li><strong>Informa\u021bii prin telefon: <\/strong>Dac\u0103 a\u021bi solicitat informa\u021bii prin telefon, vom procesa datele pe care ni le furniza\u021bi, cel pu\u021bin \u00een ceea ce prive\u0219te numele \u0219i prenumele dumneavoastr\u0103, precum \u0219i num\u0103rul de telefon ce a fost pus la dispozi\u021bie \u00een cadrul mesajului de contact.<\/li>\n<li><strong>Comunic\u0103ri de marketing:<\/strong> Dac\u0103 a\u021bi ales \u00eenregistrarea pentru transmiterea mesajelor noastre de marketing, indiferent de canalul prin care a\u021bi ales aceast\u0103 comunicare, vom procesa datele pe care le-a\u021bi furnizat \u00een formularul de contact, cel pu\u021bin \u00een ceea ce prive\u0219te numele \u0219i prenumele, precum \u0219i detaliile modalit\u0103\u021bii de contact aleas\u0103 pentru trimiterea informa\u021biilor solicitate pentru a v\u0103 informa despre produsele, serviciile, ofertele \u0219i promo\u021biile noastre. Pentru acest tip de comunic\u0103ri, analiz\u0103m datele ob\u021binute \u00een timpul livr\u0103rii \u0219i prelu\u0103rii acestor e-mailuri \u00een form\u0103 agregat\u0103 (rata de deschidere, rata de livrare, rata de conversie, ratele de clic, rata de dezabonare, rata de bouncer) pentru a analiza succesul \u0219i utilizarea e-mailurilor. Pe de alt\u0103 parte, evalu\u0103m \u0219i datele generate atunci c\u00e2nd accesa\u021bi \u0219i utiliza\u021bi aceste e-mail-uri (timpul de deschidere, linkurile pe care le-a\u021bi f\u0103cut clic, documentele desc\u0103rcate), pentru a v\u0103 oferi informa\u021bii personalizate pe aceast\u0103 baz\u0103 \u00een buletinele de informa\u021bii viitoare, interesele \u0219i nevoile dumneavoastr\u0103.<\/li>\n<li><strong>Baza juridic\u0103: <\/strong> Aceste date sunt prelucrate av\u00e2nd la baz\u0103 consim\u021b\u0103m\u00e2ntul dumneavoastr\u0103, \u00een conformitate cu articolul 6, alin. (1) pct. a) din Regulamentul GDPR.<\/li>\n<\/ol>\n<p><strong>Exist\u0103 o obliga\u021bie de a furniza date cu caracter personal? Pot retrage consim\u021b\u0103m\u00e2ntul?<\/strong><\/p>\n<p>Nu exist\u0103 nicio obliga\u021bie de furnizare a datelor cu caracter personal, fiind astfel vorba de un consim\u021b\u0103m\u00e2nt liber exprimat din partea dumneavoastr\u0103.<\/p>\n<p>Consim\u021b\u0103m\u00e2ntul dat poate fi retras \u00een orice moment f\u0103r\u0103 nicio motivare, urm\u00e2nd a produce efecte \u00een viitor, contact\u00e2ndu-ne prin metodele de contact indicate \u00een aceast\u0103 not\u0103 de informare.<\/p>\n<p><strong>Cine are acces la datele personale?<\/strong><\/p>\n<p>\u00cen cadrul prelucr\u0103rii tuturor datelor personale amintite mai sus, \u00eentotdeauna avem grij\u0103 s\u0103 respect\u0103m reglement\u0103rile de baz\u0103 \u00een conformitate cu art. 6 GDPR. Securitatea informa\u021biilor personale este asigurat\u0103 prin m\u0103suri organizatorice \u0219i tehnice adoptate \u00een conformitate cu prevederile legale, \u00een a\u0219a fel \u00eenc\u00e2t s\u0103 ne asigur\u0103m c\u0103 nu se ajunge la nici o distrugere accidental\u0103 sau ilicit\u0103, pierdere, modificare, divulgare neautorizat\u0103 a datelor cu caracter personal transmise, stocate sau prelucrate \u00een alt mod. To\u021bi angaja\u021bii no\u0219tri sunt obliga\u021bi s\u0103 p\u0103streze secretul cu privire la informa\u021biile pe care le \u00eent\u00e2lnesc \u00een activitatea lor. Am desemnat un responsabil cu protec\u021bia datelor cu caracter personal pentru c\u0103 domeniul nostru de activitate ne impune acest lucru.<\/p>\n<p>Putem transfera date c\u0103tre al\u021bi destinatari (de exemplu, autorit\u0103\u021bile publice) \u00een m\u0103sura \u00een care suntem obliga\u021bi s\u0103 v\u0103 transfer\u0103m datele personale pe baza unei obliga\u021bii legale la care suntem supu\u0219i.<\/p>\n<p>Suplimentar, \u00een anumite situa\u021bii, pentru a v\u0103 satisface op\u021biunea de informare\/consultan\u021b\u0103, vom putea \u00eemp\u0103rt\u0103\u0219i informa\u021biile dumneavoastr\u0103 doar cu urm\u0103toarele categorii de destinatari:<\/p>\n<ul>\n<li>furnizorii de servicii din cadrul grupului nostru de companii (de exemplu, pentru a furniza analize statistice \u0219i \u00eentre\u021binere tehnic\u0103 pentru sistemele noastre).<\/li>\n<li>furnizorii externi de servicii care ofer\u0103 servicii \u00een numele nostru \u0219i pe baz\u0103 contractual\u0103 separat\u0103, cum ar fi colectarea datelor dumneavoastr\u0103, g\u0103zduirea site-urilor web, \u00eentre\u021binerea call center-ului, trimiterea de e-mailuri sau informa\u021bii scrise sau furnizarea de consultan\u021b\u0103 personal\u0103.<\/li>\n<\/ul>\n<p><strong>Sunt transferate datele \u00een \u021b\u0103ri din afara UE \/ SEE?<\/strong><\/p>\n<p>Datele cu caracter personal sunt prelucrate numai \u00een cadrul Uniunii Europene sau al Spa\u021biului Economic European. Societatea noastr\u0103 nu inten\u021bioneaz\u0103 s\u0103 transfere date cu caracter personal \u00een alte \u021b\u0103ri.<\/p>\n<p><strong>C\u00e2t timp sunt stocate datele?<\/strong><\/p>\n<p>Durata de stocare a datelor cu caracter personal este determinat\u0103 de obiectul cererii dumneavoastr\u0103. \u00cen general, datele sunt stocate at\u00e2ta timp c\u00e2t exist\u0103 un interes justificat pentru p\u0103strarea lor \u0219i nu ar prevala interesul dumneavoastr\u0103 de a renun\u021ba la prelucrarea ulterioar\u0103, \u00een special pentru a putea \u021bine leg\u0103tura prin coresponden\u021b\u0103, dac\u0103 alege\u021bi s\u0103 utiliza\u021bi serviciile noastre.<\/p>\n<p>Datele cu caracter personal se \u0219terg chiar \u0219i f\u0103r\u0103 solicitarea dumneavoastr\u0103 \u00een momentul \u00een care nu mai este necesar\u0103 p\u0103strarea \u00een scopurile pentru care datele au fost colectate sau prelucrate.<\/p>\n<p>Furnizarea datelor cu caracter personal este o condi\u021bie necesar\u0103 pentru \u00eencheierea contractului sau pentru procesarea cererii dumneavoastr\u0103, iar \u00een caz de nefurnizare a acestor nu putem onora cererea dumneavoastr\u0103.<\/p>\n<p><strong>Ce drepturi ave\u021bi \u00een calitate de persoan\u0103 vizat\u0103?<\/strong><\/p>\n<p>Ca persoan\u0103 vizat\u0103, pute\u021bi: s\u0103 solicita\u021bi accesul la datele dumneavoastr\u0103 personale (articolul 15 GDPR), s\u0103 solicita\u021bi rectificarea datelor personale incorecte (articolul 16 GDPR), s\u0103 solicita\u021bi \u0219tergerea datelor personale (articolul 17 GDPR), s\u0103 solicita\u021bi restric\u021bionarea prelucrarea datelor personale (articolul 18 GDPR), exercitarea dreptului la portabilitatea datelor (articolul 20 GDPR), obiecta\u021bi de prelucrarea datelor personale (Articolul 21 GDPR).<\/p>\n<p>\u00cen unele cazuri, pute\u021bi cere datele personale de la noi \u00eentr-un format structurat, utilizat \u00een mod curent \u0219i care poate fi citit automat \u0219i transferul lor c\u0103tre alt administrator sau ave\u021bi dreptul de a nu face obiectul unei decizii bazate exclusiv pe prelucrarea f\u0103r\u0103 interven\u021bie uman\u0103. V\u0103 pute\u021bi exercita toate drepturile \u0219i la responsabilul pentru protec\u021bia datelor cu caracter personal, pe adresa de e-mail men\u021bionat\u0103 mai jos sau \u00een scris pe adresa de contact a societ\u0103\u021bii M2C.<\/p>\n<p>\u00cen cazul \u00een care considera\u021bi c\u0103 prin prelucrarea datelor cu caracter personal se produce o \u00eenc\u0103lcare a GDPR, ave\u021bi dreptul s\u0103 depune\u021bi o pl\u00e2ngere la autoritatea de supraveghere (articolul 77 GDPR). Datele de contact le g\u0103si\u021bi pe <a href=\"https:\/\/www.dataprotection.ro\/\">https:\/\/www.dataprotection.ro\/<\/a><u>. <\/u><\/p>\n<p><strong>Datele de contact ale administratorului:<\/strong>\u00a0 <strong>M2C Security Solutions SRL<\/strong>, cu sediul \u00een Pia\u021ba Plevnei nr. 7, parter, biroul nr. 3, ap. 1, Timi\u0219oara, jud. Timi\u0219, Rom\u00e2nia, +40.356.179.038.<\/p>\n<p>Datele de contact ale responsabilului pentru protec\u021bia datelor cu caracter personal: <a href=\"mailto:ro.dpo@m2c.eu\">ro.dpo@m2c.eu<\/a><\/p>\n<p>&nbsp;<\/p>\n","protected":false},"excerpt":{"rendered":"<p>Informa\u021bii despre prelucrarea datelor cu caracter personal \u00een cadrul M2C Security Solutions SRL (denumit\u0103 \u00een continuare \u201eM2C\u201d) conform Regulamentului general privind protec\u021bia datelor cu caracter personal al Parlamentului European \u0219i al Consiliului (UE) 2016\/679 (denumit \u00een continuare \u201eGDPR\u201c) Cine este responsabil pentru prelucrarea datelor cu caracter personal? Operatorul responsabil cu prelucrarea datelor este M2C Security&#8230;<\/p>\n","protected":false},"author":13,"featured_media":0,"parent":0,"menu_order":0,"comment_status":"closed","ping_status":"closed","template":"","meta":{"footnotes":""},"class_list":["post-7122","page","type-page","status-publish","hentry"],"yoast_head":"<!-- This site is optimized with the Yoast SEO plugin v27.5 - https:\/\/yoast.com\/product\/yoast-seo-wordpress\/ -->\n<title>Informa\u021bii privind prelucrarea datelor cu caracter personal | M2C - kari\u00e9ra<\/title>\n<meta name=\"robots\" content=\"index, follow, max-snippet:-1, max-image-preview:large, max-video-preview:-1\" \/>\n<link rel=\"canonical\" href=\"https:\/\/kariera.rvltpreview.com\/ro\/informatii-privind-prelucrarea-datelor-cu-caracter-personal\/\" \/>\n<meta property=\"og:locale\" content=\"ro_RO\" \/>\n<meta property=\"og:type\" content=\"article\" \/>\n<meta property=\"og:title\" content=\"Informa\u021bii privind prelucrarea datelor cu caracter personal | M2C - kari\u00e9ra\" \/>\n<meta property=\"og:description\" content=\"Informa\u021bii despre prelucrarea datelor cu caracter personal \u00een cadrul M2C Security Solutions SRL (denumit\u0103 \u00een continuare \u201eM2C\u201d) conform Regulamentului general privind protec\u021bia datelor cu caracter personal al Parlamentului European \u0219i al Consiliului (UE) 2016\/679 (denumit \u00een continuare \u201eGDPR\u201c) Cine este responsabil pentru prelucrarea datelor cu caracter personal? Operatorul responsabil cu prelucrarea datelor este M2C Security...\" \/>\n<meta property=\"og:url\" content=\"https:\/\/kariera.rvltpreview.com\/ro\/informatii-privind-prelucrarea-datelor-cu-caracter-personal\/\" \/>\n<meta property=\"og:site_name\" content=\"M2C - kari\u00e9ra\" \/>\n<meta property=\"article:modified_time\" content=\"2021-11-12T08:48:35+00:00\" \/>\n<meta name=\"twitter:card\" content=\"summary_large_image\" \/>\n<meta name=\"twitter:label1\" content=\"Timp estimat pentru citire\" \/>\n\t<meta name=\"twitter:data1\" content=\"5 minute\" \/>\n<!-- \/ Yoast SEO plugin. -->","yoast_head_json":{"title":"Informa\u021bii privind prelucrarea datelor cu caracter personal | M2C - kari\u00e9ra","robots":{"index":"index","follow":"follow","max-snippet":"max-snippet:-1","max-image-preview":"max-image-preview:large","max-video-preview":"max-video-preview:-1"},"canonical":"https:\/\/kariera.rvltpreview.com\/ro\/informatii-privind-prelucrarea-datelor-cu-caracter-personal\/","og_locale":"ro_RO","og_type":"article","og_title":"Informa\u021bii privind prelucrarea datelor cu caracter personal | M2C - kari\u00e9ra","og_description":"Informa\u021bii despre prelucrarea datelor cu caracter personal \u00een cadrul M2C Security Solutions SRL (denumit\u0103 \u00een continuare \u201eM2C\u201d) conform Regulamentului general privind protec\u021bia datelor cu caracter personal al Parlamentului European \u0219i al Consiliului (UE) 2016\/679 (denumit \u00een continuare \u201eGDPR\u201c) Cine este responsabil pentru prelucrarea datelor cu caracter personal? Operatorul responsabil cu prelucrarea datelor este M2C Security...","og_url":"https:\/\/kariera.rvltpreview.com\/ro\/informatii-privind-prelucrarea-datelor-cu-caracter-personal\/","og_site_name":"M2C - kari\u00e9ra","article_modified_time":"2021-11-12T08:48:35+00:00","twitter_card":"summary_large_image","twitter_misc":{"Timp estimat pentru citire":"5 minute"},"schema":{"@context":"https:\/\/schema.org","@graph":[{"@type":"WebPage","@id":"https:\/\/kariera.rvltpreview.com\/ro\/informatii-privind-prelucrarea-datelor-cu-caracter-personal\/","url":"https:\/\/kariera.rvltpreview.com\/ro\/informatii-privind-prelucrarea-datelor-cu-caracter-personal\/","name":"Informa\u021bii privind prelucrarea datelor cu caracter personal | M2C - kari\u00e9ra","isPartOf":{"@id":"https:\/\/kariera.rvltpreview.com\/#website"},"datePublished":"2021-11-03T09:41:11+00:00","dateModified":"2021-11-12T08:48:35+00:00","breadcrumb":{"@id":"https:\/\/kariera.rvltpreview.com\/ro\/informatii-privind-prelucrarea-datelor-cu-caracter-personal\/#breadcrumb"},"inLanguage":"ro-RO","potentialAction":[{"@type":"ReadAction","target":["https:\/\/kariera.rvltpreview.com\/ro\/informatii-privind-prelucrarea-datelor-cu-caracter-personal\/"]}]},{"@type":"BreadcrumbList","@id":"https:\/\/kariera.rvltpreview.com\/ro\/informatii-privind-prelucrarea-datelor-cu-caracter-personal\/#breadcrumb","itemListElement":[{"@type":"ListItem","position":1,"name":"Home","item":"https:\/\/kariera.rvltpreview.com\/ro\/"},{"@type":"ListItem","position":2,"name":"Informa\u021bii privind prelucrarea datelor cu caracter personal"}]},{"@type":"WebSite","@id":"https:\/\/kariera.rvltpreview.com\/#website","url":"https:\/\/kariera.rvltpreview.com\/","name":"M2C - kari\u00e9ra","description":"","potentialAction":[{"@type":"SearchAction","target":{"@type":"EntryPoint","urlTemplate":"https:\/\/kariera.rvltpreview.com\/?s={search_term_string}"},"query-input":{"@type":"PropertyValueSpecification","valueRequired":true,"valueName":"search_term_string"}}],"inLanguage":"ro-RO"}]}},"_links":{"self":[{"href":"https:\/\/kariera.rvltpreview.com\/ro\/wp-json\/wp\/v2\/pages\/7122","targetHints":{"allow":["GET"]}}],"collection":[{"href":"https:\/\/kariera.rvltpreview.com\/ro\/wp-json\/wp\/v2\/pages"}],"about":[{"href":"https:\/\/kariera.rvltpreview.com\/ro\/wp-json\/wp\/v2\/types\/page"}],"author":[{"embeddable":true,"href":"https:\/\/kariera.rvltpreview.com\/ro\/wp-json\/wp\/v2\/users\/13"}],"replies":[{"embeddable":true,"href":"https:\/\/kariera.rvltpreview.com\/ro\/wp-json\/wp\/v2\/comments?post=7122"}],"version-history":[{"count":4,"href":"https:\/\/kariera.rvltpreview.com\/ro\/wp-json\/wp\/v2\/pages\/7122\/revisions"}],"predecessor-version":[{"id":7671,"href":"https:\/\/kariera.rvltpreview.com\/ro\/wp-json\/wp\/v2\/pages\/7122\/revisions\/7671"}],"wp:attachment":[{"href":"https:\/\/kariera.rvltpreview.com\/ro\/wp-json\/wp\/v2\/media?parent=7122"}],"curies":[{"name":"wp","href":"https:\/\/api.w.org\/{rel}","templated":true}]}}