{"id":6481,"date":"2021-10-25T09:52:00","date_gmt":"2021-10-25T07:52:00","guid":{"rendered":"https:\/\/kariera.m2c.eu\/?page_id=6481"},"modified":"2023-02-03T12:41:43","modified_gmt":"2023-02-03T11:41:43","slug":"szkolenia-i-kursy","status":"publish","type":"page","link":"https:\/\/kariera.rvltpreview.com\/pl\/szkolenia-i-kursy\/","title":{"rendered":"Szkolenia i kursy"},"content":{"rendered":"<div class=\"d-none\" style=\"display: none;\">\n<h3>Szkolenia i kursy<\/h3>\n<h3>Lista szkole\u0144<\/h3>\n<h3>Szkolenie BHP<\/h3>\n<h3>Szkolenie z pierwszej Pomocy<\/h3>\n<h3>Przygotowanie do egzaminu kwalifikacyjnego<\/h3>\n<h3>Przygotowanie os\u00f3b upowa\u017cnionych i przedstawicieli<\/h3>\n<h3>Dokumenty do pobrania<\/h3>\n<h3>Wszelkich informacji zwi\u0105zanych ze szkoleniami i kursami udzieli Pa\u0144stwu:<\/h3>\n<\/div>\n<div class=\"d-none\" style=\"display: none;\">\n<h3>Szkolenia i kursy<\/h3>\n<h3>Lista szkole\u0144<\/h3>\n<h3>Szkolenie BHP<\/h3>\n<h3>Szkolenie z pierwszej Pomocy<\/h3>\n<h3>Przygotowanie do egzaminu kwalifikacyjnego<\/h3>\n<h3>Przygotowanie os\u00f3b upowa\u017cnionych i przedstawicieli<\/h3>\n<h3>Dokumenty do pobrania<\/h3>\n<\/div>\n<div class=\"d-none\" style=\"display: none;\">\n<h3>Szkolenia i kursy<\/h3>\n<h3>Lista szkole\u0144<\/h3>\n<h3>Szkolenie BHP<\/h3>\n<h3>Szkolenie z pierwszej Pomocy<\/h3>\n<h3>Przygotowanie do egzaminu kwalifikacyjnego<\/h3>\n<h3>Przygotowanie os\u00f3b upowa\u017cnionych i przedstawicieli<\/h3>\n<\/div>\n<div class=\"d-none\" style=\"display: none;\">\n<h3>Szkolenia i kursy<\/h3>\n<h3>Lista szkole\u0144<\/h3>\n<h3>Szkolenie BHP<\/h3>\n<h3>Szkolenie z pierwszej Pomocy<\/h3>\n<\/div>\n<div class=\"d-none\" style=\"display: none;\">\n<h3>Szkolenia i kursy<\/h3>\n<h3>Lista szkole\u0144<\/h3>\n<h3>Szkolenie BHP<\/h3>\n<h3>Szkolenie z pierwszej Pomocy<\/h3>\n<\/div>\n<div class='d-none' style='display:none;'>\n<h3>Szkolenia i kursy<\/h3>\n<h3>Lista szkole\u0144<\/h3>\n<h3>Szkolenie BHP<\/h3>\n<h3>Szkolenie z pierwszej Pomocy<\/h3>\n<\/div>\n","protected":false},"excerpt":{"rendered":"<p>Szkolenia i kursy Lista szkole\u0144 Szkolenie BHP Szkolenie z pierwszej Pomocy Przygotowanie do egzaminu kwalifikacyjnego Przygotowanie os\u00f3b upowa\u017cnionych i przedstawicieli Dokumenty do pobrania Wszelkich informacji zwi\u0105zanych ze szkoleniami i kursami udzieli Pa\u0144stwu: Szkolenia i kursy Lista szkole\u0144 Szkolenie BHP Szkolenie z pierwszej Pomocy Przygotowanie do egzaminu kwalifikacyjnego Przygotowanie os\u00f3b upowa\u017cnionych i przedstawicieli Dokumenty do pobrania&#8230;<\/p>\n","protected":false},"author":13,"featured_media":0,"parent":0,"menu_order":0,"comment_status":"closed","ping_status":"closed","template":"pages\/page-blocks.php","meta":{"footnotes":""},"class_list":["post-6481","page","type-page","status-publish","hentry"],"yoast_head":"<!-- This site is optimized with the Yoast SEO plugin v27.5 - https:\/\/yoast.com\/product\/yoast-seo-wordpress\/ -->\n<title>Szkolenia i kursy | M2C - kari\u00e9ra<\/title>\n<meta name=\"robots\" content=\"index, follow, max-snippet:-1, max-image-preview:large, max-video-preview:-1\" \/>\n<link rel=\"canonical\" href=\"https:\/\/kariera.rvltpreview.com\/pl\/szkolenia-i-kursy\/\" \/>\n<meta property=\"og:locale\" content=\"pl_PL\" \/>\n<meta property=\"og:type\" content=\"article\" \/>\n<meta property=\"og:title\" content=\"Szkolenia i kursy | M2C - kari\u00e9ra\" \/>\n<meta property=\"og:description\" content=\"Szkolenia i kursy Lista szkole\u0144 Szkolenie BHP Szkolenie z pierwszej Pomocy Przygotowanie do egzaminu kwalifikacyjnego Przygotowanie os\u00f3b upowa\u017cnionych i przedstawicieli Dokumenty do pobrania Wszelkich informacji zwi\u0105zanych ze szkoleniami i kursami udzieli Pa\u0144stwu: Szkolenia i kursy Lista szkole\u0144 Szkolenie BHP Szkolenie z pierwszej Pomocy Przygotowanie do egzaminu kwalifikacyjnego Przygotowanie os\u00f3b upowa\u017cnionych i przedstawicieli Dokumenty do pobrania...\" \/>\n<meta property=\"og:url\" content=\"https:\/\/kariera.rvltpreview.com\/pl\/szkolenia-i-kursy\/\" \/>\n<meta property=\"og:site_name\" content=\"M2C - kari\u00e9ra\" \/>\n<meta property=\"article:modified_time\" content=\"2023-02-03T11:41:43+00:00\" \/>\n<meta name=\"twitter:card\" content=\"summary_large_image\" \/>\n<meta name=\"twitter:label1\" content=\"Szacowany czas czytania\" \/>\n\t<meta name=\"twitter:data1\" content=\"1 minuta\" \/>\n<!-- \/ Yoast SEO plugin. -->","yoast_head_json":{"title":"Szkolenia i kursy | M2C - kari\u00e9ra","robots":{"index":"index","follow":"follow","max-snippet":"max-snippet:-1","max-image-preview":"max-image-preview:large","max-video-preview":"max-video-preview:-1"},"canonical":"https:\/\/kariera.rvltpreview.com\/pl\/szkolenia-i-kursy\/","og_locale":"pl_PL","og_type":"article","og_title":"Szkolenia i kursy | M2C - kari\u00e9ra","og_description":"Szkolenia i kursy Lista szkole\u0144 Szkolenie BHP Szkolenie z pierwszej Pomocy Przygotowanie do egzaminu kwalifikacyjnego Przygotowanie os\u00f3b upowa\u017cnionych i przedstawicieli Dokumenty do pobrania Wszelkich informacji zwi\u0105zanych ze szkoleniami i kursami udzieli Pa\u0144stwu: Szkolenia i kursy Lista szkole\u0144 Szkolenie BHP Szkolenie z pierwszej Pomocy Przygotowanie do egzaminu kwalifikacyjnego Przygotowanie os\u00f3b upowa\u017cnionych i przedstawicieli Dokumenty do pobrania...","og_url":"https:\/\/kariera.rvltpreview.com\/pl\/szkolenia-i-kursy\/","og_site_name":"M2C - kari\u00e9ra","article_modified_time":"2023-02-03T11:41:43+00:00","twitter_card":"summary_large_image","twitter_misc":{"Szacowany czas czytania":"1 minuta"},"schema":{"@context":"https:\/\/schema.org","@graph":[{"@type":"WebPage","@id":"https:\/\/kariera.rvltpreview.com\/pl\/szkolenia-i-kursy\/","url":"https:\/\/kariera.rvltpreview.com\/pl\/szkolenia-i-kursy\/","name":"Szkolenia i kursy | M2C - kari\u00e9ra","isPartOf":{"@id":"https:\/\/kariera.rvltpreview.com\/#website"},"datePublished":"2021-10-25T07:52:00+00:00","dateModified":"2023-02-03T11:41:43+00:00","breadcrumb":{"@id":"https:\/\/kariera.rvltpreview.com\/pl\/szkolenia-i-kursy\/#breadcrumb"},"inLanguage":"pl-PL","potentialAction":[{"@type":"ReadAction","target":["https:\/\/kariera.rvltpreview.com\/pl\/szkolenia-i-kursy\/"]}]},{"@type":"BreadcrumbList","@id":"https:\/\/kariera.rvltpreview.com\/pl\/szkolenia-i-kursy\/#breadcrumb","itemListElement":[{"@type":"ListItem","position":1,"name":"Home","item":"https:\/\/kariera.rvltpreview.com\/pl\/"},{"@type":"ListItem","position":2,"name":"Szkolenia i kursy"}]},{"@type":"WebSite","@id":"https:\/\/kariera.rvltpreview.com\/#website","url":"https:\/\/kariera.rvltpreview.com\/","name":"M2C - kari\u00e9ra","description":"","potentialAction":[{"@type":"SearchAction","target":{"@type":"EntryPoint","urlTemplate":"https:\/\/kariera.rvltpreview.com\/?s={search_term_string}"},"query-input":{"@type":"PropertyValueSpecification","valueRequired":true,"valueName":"search_term_string"}}],"inLanguage":"pl-PL"}]}},"_links":{"self":[{"href":"https:\/\/kariera.rvltpreview.com\/pl\/wp-json\/wp\/v2\/pages\/6481","targetHints":{"allow":["GET"]}}],"collection":[{"href":"https:\/\/kariera.rvltpreview.com\/pl\/wp-json\/wp\/v2\/pages"}],"about":[{"href":"https:\/\/kariera.rvltpreview.com\/pl\/wp-json\/wp\/v2\/types\/page"}],"author":[{"embeddable":true,"href":"https:\/\/kariera.rvltpreview.com\/pl\/wp-json\/wp\/v2\/users\/13"}],"replies":[{"embeddable":true,"href":"https:\/\/kariera.rvltpreview.com\/pl\/wp-json\/wp\/v2\/comments?post=6481"}],"version-history":[{"count":8,"href":"https:\/\/kariera.rvltpreview.com\/pl\/wp-json\/wp\/v2\/pages\/6481\/revisions"}],"predecessor-version":[{"id":9506,"href":"https:\/\/kariera.rvltpreview.com\/pl\/wp-json\/wp\/v2\/pages\/6481\/revisions\/9506"}],"wp:attachment":[{"href":"https:\/\/kariera.rvltpreview.com\/pl\/wp-json\/wp\/v2\/media?parent=6481"}],"curies":[{"name":"wp","href":"https:\/\/api.w.org\/{rel}","templated":true}]}}